{"id":421,"date":"2026-02-05T08:13:12","date_gmt":"2026-02-05T12:13:12","guid":{"rendered":"https:\/\/treslagoasprevidencia.ms.gov.br\/?page_id=421"},"modified":"2026-02-05T09:24:45","modified_gmt":"2026-02-05T13:24:45","slug":"educacao-previdenciaria-pro-gestao-rpps","status":"publish","type":"page","link":"https:\/\/treslagoasprevidencia.ms.gov.br\/index.php\/institucional\/pro-gestao-rpps\/educacao-previdenciaria-pro-gestao-rpps\/","title":{"rendered":"EDUCA\u00c7\u00c3O PREVIDENCI\u00c1RIA"},"content":{"rendered":"\n<div data-wp-interactive=\"core\/file\" class=\"wp-block-file\"><object data-wp-bind--hidden=\"!state.hasPdfPreview\" hidden class=\"wp-block-file__embed\" data=\"https:\/\/treslagoasprevidencia.ms.gov.br\/wp-content\/uploads\/2026\/02\/CARTILHA-2a-EDICAO-2021.pdf\" type=\"application\/pdf\" style=\"width:100%;height:600px\" aria-label=\"Incorporado de CARTILHA 2\u00aa EDI\u00c7\u00c3O 2021.\"><\/object><a id=\"wp-block-file--media-48f41ac0-799d-4908-952f-5cdbc181c450\" href=\"https:\/\/treslagoasprevidencia.ms.gov.br\/wp-content\/uploads\/2026\/02\/CARTILHA-2a-EDICAO-2021.pdf\">CARTILHA 2\u00aa EDI\u00c7\u00c3O 2021<\/a><a href=\"https:\/\/treslagoasprevidencia.ms.gov.br\/wp-content\/uploads\/2026\/02\/CARTILHA-2a-EDICAO-2021.pdf\" class=\"wp-block-file__button wp-element-button\" download aria-describedby=\"wp-block-file--media-48f41ac0-799d-4908-952f-5cdbc181c450\">Baixar<\/a><\/div>\n","protected":false},"excerpt":{"rendered":"","protected":false},"author":1,"featured_media":0,"parent":405,"menu_order":0,"comment_status":"closed","ping_status":"closed","template":"","meta":{"footnotes":""},"class_list":["post-421","page","type-page","status-publish","hentry"],"_links":{"self":[{"href":"https:\/\/treslagoasprevidencia.ms.gov.br\/index.php\/wp-json\/wp\/v2\/pages\/421","targetHints":{"allow":["GET"]}}],"collection":[{"href":"https:\/\/treslagoasprevidencia.ms.gov.br\/index.php\/wp-json\/wp\/v2\/pages"}],"about":[{"href":"https:\/\/treslagoasprevidencia.ms.gov.br\/index.php\/wp-json\/wp\/v2\/types\/page"}],"author":[{"embeddable":true,"href":"https:\/\/treslagoasprevidencia.ms.gov.br\/index.php\/wp-json\/wp\/v2\/users\/1"}],"replies":[{"embeddable":true,"href":"https:\/\/treslagoasprevidencia.ms.gov.br\/index.php\/wp-json\/wp\/v2\/comments?post=421"}],"version-history":[{"count":4,"href":"https:\/\/treslagoasprevidencia.ms.gov.br\/index.php\/wp-json\/wp\/v2\/pages\/421\/revisions"}],"predecessor-version":[{"id":526,"href":"https:\/\/treslagoasprevidencia.ms.gov.br\/index.php\/wp-json\/wp\/v2\/pages\/421\/revisions\/526"}],"up":[{"embeddable":true,"href":"https:\/\/treslagoasprevidencia.ms.gov.br\/index.php\/wp-json\/wp\/v2\/pages\/405"}],"wp:attachment":[{"href":"https:\/\/treslagoasprevidencia.ms.gov.br\/index.php\/wp-json\/wp\/v2\/media?parent=421"}],"curies":[{"name":"wp","href":"https:\/\/api.w.org\/{rel}","templated":true}]}}