{"id":381,"date":"2026-02-05T08:03:31","date_gmt":"2026-02-05T12:03:31","guid":{"rendered":"https:\/\/treslagoasprevidencia.ms.gov.br\/?page_id=381"},"modified":"2026-02-05T08:53:13","modified_gmt":"2026-02-05T12:53:13","slug":"autorizacoes-de-aplicacao-e-resgate-gestao-de-investimentos","status":"publish","type":"page","link":"https:\/\/treslagoasprevidencia.ms.gov.br\/index.php\/institucional\/gestao-de-investimentos\/autorizacoes-de-aplicacao-e-resgate-gestao-de-investimentos\/","title":{"rendered":"AUTORIZA\u00c7\u00d5ES DE APLICA\u00c7\u00c3O E RESGATE"},"content":{"rendered":"","protected":false},"excerpt":{"rendered":"","protected":false},"author":1,"featured_media":0,"parent":371,"menu_order":0,"comment_status":"closed","ping_status":"closed","template":"","meta":{"footnotes":""},"class_list":["post-381","page","type-page","status-publish","hentry"],"_links":{"self":[{"href":"https:\/\/treslagoasprevidencia.ms.gov.br\/index.php\/wp-json\/wp\/v2\/pages\/381","targetHints":{"allow":["GET"]}}],"collection":[{"href":"https:\/\/treslagoasprevidencia.ms.gov.br\/index.php\/wp-json\/wp\/v2\/pages"}],"about":[{"href":"https:\/\/treslagoasprevidencia.ms.gov.br\/index.php\/wp-json\/wp\/v2\/types\/page"}],"author":[{"embeddable":true,"href":"https:\/\/treslagoasprevidencia.ms.gov.br\/index.php\/wp-json\/wp\/v2\/users\/1"}],"replies":[{"embeddable":true,"href":"https:\/\/treslagoasprevidencia.ms.gov.br\/index.php\/wp-json\/wp\/v2\/comments?post=381"}],"version-history":[{"count":2,"href":"https:\/\/treslagoasprevidencia.ms.gov.br\/index.php\/wp-json\/wp\/v2\/pages\/381\/revisions"}],"predecessor-version":[{"id":498,"href":"https:\/\/treslagoasprevidencia.ms.gov.br\/index.php\/wp-json\/wp\/v2\/pages\/381\/revisions\/498"}],"up":[{"embeddable":true,"href":"https:\/\/treslagoasprevidencia.ms.gov.br\/index.php\/wp-json\/wp\/v2\/pages\/371"}],"wp:attachment":[{"href":"https:\/\/treslagoasprevidencia.ms.gov.br\/index.php\/wp-json\/wp\/v2\/media?parent=381"}],"curies":[{"name":"wp","href":"https:\/\/api.w.org\/{rel}","templated":true}]}}