{"id":363,"date":"2026-02-05T07:56:44","date_gmt":"2026-02-05T11:56:44","guid":{"rendered":"https:\/\/treslagoasprevidencia.ms.gov.br\/?page_id=363"},"modified":"2026-03-24T09:38:04","modified_gmt":"2026-03-24T13:38:04","slug":"composicao-comite-de-investimentos","status":"publish","type":"page","link":"https:\/\/treslagoasprevidencia.ms.gov.br\/index.php\/institucional\/comite-de-investimentos\/composicao-comite-de-investimentos\/","title":{"rendered":"COMPOSI\u00c7\u00c3O"},"content":{"rendered":"\n<p><strong>DIRCEU GARCIA DE OLIVEIRA JUNIOR<\/strong> &#8211; DIRETOR-PRESIDENTE (PRESIDENTE)<\/p>\n\n\n\n<p><strong>ELZA MARIA JUC\u00c1 <\/strong>&#8211; REPRESENTANTE DOS SERVIDORES P\u00daBLICOS MUNICIPAIS (SECRET\u00c1RIA)<\/p>\n\n\n\n<p><strong>FABR\u00cdCIO DE MOURA SANTOS<\/strong> &#8211; REPRESENTANTE DO CONSELHO DE ADMINISTRA\u00c7\u00c3O<\/p>\n\n\n\n<p><strong>FERNANDO NASCIMENTO<\/strong> &#8211; REPRESENTANTE DO CONSELHO FISCAL<\/p>\n\n\n\n<p><strong>GIOVANA SANTANA DA SILVA<\/strong> &#8211; DIRETORA ADMINISTRATIVA-FINANCEIRA DO TLPREV<\/p>\n","protected":false},"excerpt":{"rendered":"<p>DIRCEU GARCIA DE OLIVEIRA JUNIOR &#8211; DIRETOR-PRESIDENTE (PRESIDENTE) ELZA MARIA JUC\u00c1 &#8211; REPRESENTANTE DOS SERVIDORES P\u00daBLICOS MUNICIPAIS (SECRET\u00c1RIA) FABR\u00cdCIO DE MOURA SANTOS &#8211; REPRESENTANTE DO CONSELHO DE ADMINISTRA\u00c7\u00c3O FERNANDO NASCIMENTO &#8211; REPRESENTANTE DO CONSELHO FISCAL GIOVANA SANTANA DA SILVA &#8211; DIRETORA ADMINISTRATIVA-FINANCEIRA DO TLPREV<\/p>\n","protected":false},"author":1,"featured_media":0,"parent":361,"menu_order":0,"comment_status":"closed","ping_status":"closed","template":"","meta":{"footnotes":""},"class_list":["post-363","page","type-page","status-publish","hentry"],"_links":{"self":[{"href":"https:\/\/treslagoasprevidencia.ms.gov.br\/index.php\/wp-json\/wp\/v2\/pages\/363","targetHints":{"allow":["GET"]}}],"collection":[{"href":"https:\/\/treslagoasprevidencia.ms.gov.br\/index.php\/wp-json\/wp\/v2\/pages"}],"about":[{"href":"https:\/\/treslagoasprevidencia.ms.gov.br\/index.php\/wp-json\/wp\/v2\/types\/page"}],"author":[{"embeddable":true,"href":"https:\/\/treslagoasprevidencia.ms.gov.br\/index.php\/wp-json\/wp\/v2\/users\/1"}],"replies":[{"embeddable":true,"href":"https:\/\/treslagoasprevidencia.ms.gov.br\/index.php\/wp-json\/wp\/v2\/comments?post=363"}],"version-history":[{"count":6,"href":"https:\/\/treslagoasprevidencia.ms.gov.br\/index.php\/wp-json\/wp\/v2\/pages\/363\/revisions"}],"predecessor-version":[{"id":1659,"href":"https:\/\/treslagoasprevidencia.ms.gov.br\/index.php\/wp-json\/wp\/v2\/pages\/363\/revisions\/1659"}],"up":[{"embeddable":true,"href":"https:\/\/treslagoasprevidencia.ms.gov.br\/index.php\/wp-json\/wp\/v2\/pages\/361"}],"wp:attachment":[{"href":"https:\/\/treslagoasprevidencia.ms.gov.br\/index.php\/wp-json\/wp\/v2\/media?parent=363"}],"curies":[{"name":"wp","href":"https:\/\/api.w.org\/{rel}","templated":true}]}}