{"id":351,"date":"2026-02-05T07:54:06","date_gmt":"2026-02-05T11:54:06","guid":{"rendered":"https:\/\/treslagoasprevidencia.ms.gov.br\/?page_id=351"},"modified":"2026-03-06T12:38:49","modified_gmt":"2026-03-06T16:38:49","slug":"quadro-de-servidores-diretoria-executiva","status":"publish","type":"page","link":"https:\/\/treslagoasprevidencia.ms.gov.br\/index.php\/institucional\/diretoria-executiva\/quadro-de-servidores-diretoria-executiva\/","title":{"rendered":"QUADRO DE SERVIDORES"},"content":{"rendered":"\n<p><strong>CAIO SCHIASSO MARTINS<\/strong> &#8211; (ASSESSOR ESPECIAL)<\/p>\n\n\n\n<p><strong>CAMILA DE C\u00c1SSIA DA SILVA<\/strong> &#8211; (ASSESSOR ESPECIAL)<\/p>\n\n\n\n<p><strong>ELZA MARIA JUC\u00c1<\/strong> &#8211; (ASSESSOR CONT\u00c1BIL)<\/p>\n\n\n\n<p><strong>GEISA ALVES RIBEIRO DE OLIVEIRA<\/strong> &#8211; (ASSESSOR ESPECIAL)<\/p>\n\n\n\n<p><strong>MILTON JUNIOR DE ALMEIDA SANTOS<\/strong> &#8211; (ASSESSOR JUR\u00cdDICO)<\/p>\n\n\n\n<p><strong>SANDRO ALVES DA SILVA<\/strong> &#8211; (CHEFE DE N\u00daCLEO DE EXECU\u00c7\u00c3O OR\u00c7AMENT\u00c1RIA E FINANCEIRA)<\/p>\n\n\n\n<p><strong>VIVIANE PEREIRA DE CARVALHO RIBEIRO<\/strong> \u2013 (AUXILIAR DE SERVI\u00c7OS DIVERSOS)<\/p>\n","protected":false},"excerpt":{"rendered":"<p>CAIO SCHIASSO MARTINS &#8211; (ASSESSOR ESPECIAL) CAMILA DE C\u00c1SSIA DA SILVA &#8211; (ASSESSOR ESPECIAL) ELZA MARIA JUC\u00c1 &#8211; (ASSESSOR CONT\u00c1BIL) GEISA ALVES RIBEIRO DE OLIVEIRA &#8211; (ASSESSOR ESPECIAL) MILTON JUNIOR DE ALMEIDA SANTOS &#8211; (ASSESSOR JUR\u00cdDICO) SANDRO ALVES DA SILVA &#8211; (CHEFE DE N\u00daCLEO DE EXECU\u00c7\u00c3O OR\u00c7AMENT\u00c1RIA E FINANCEIRA) VIVIANE PEREIRA DE CARVALHO RIBEIRO \u2013 [&hellip;]<\/p>\n","protected":false},"author":1,"featured_media":0,"parent":347,"menu_order":0,"comment_status":"closed","ping_status":"closed","template":"","meta":{"footnotes":""},"class_list":["post-351","page","type-page","status-publish","hentry"],"_links":{"self":[{"href":"https:\/\/treslagoasprevidencia.ms.gov.br\/index.php\/wp-json\/wp\/v2\/pages\/351","targetHints":{"allow":["GET"]}}],"collection":[{"href":"https:\/\/treslagoasprevidencia.ms.gov.br\/index.php\/wp-json\/wp\/v2\/pages"}],"about":[{"href":"https:\/\/treslagoasprevidencia.ms.gov.br\/index.php\/wp-json\/wp\/v2\/types\/page"}],"author":[{"embeddable":true,"href":"https:\/\/treslagoasprevidencia.ms.gov.br\/index.php\/wp-json\/wp\/v2\/users\/1"}],"replies":[{"embeddable":true,"href":"https:\/\/treslagoasprevidencia.ms.gov.br\/index.php\/wp-json\/wp\/v2\/comments?post=351"}],"version-history":[{"count":5,"href":"https:\/\/treslagoasprevidencia.ms.gov.br\/index.php\/wp-json\/wp\/v2\/pages\/351\/revisions"}],"predecessor-version":[{"id":968,"href":"https:\/\/treslagoasprevidencia.ms.gov.br\/index.php\/wp-json\/wp\/v2\/pages\/351\/revisions\/968"}],"up":[{"embeddable":true,"href":"https:\/\/treslagoasprevidencia.ms.gov.br\/index.php\/wp-json\/wp\/v2\/pages\/347"}],"wp:attachment":[{"href":"https:\/\/treslagoasprevidencia.ms.gov.br\/index.php\/wp-json\/wp\/v2\/media?parent=351"}],"curies":[{"name":"wp","href":"https:\/\/api.w.org\/{rel}","templated":true}]}}