{"id":343,"date":"2026-02-05T07:52:02","date_gmt":"2026-02-05T11:52:02","guid":{"rendered":"https:\/\/treslagoasprevidencia.ms.gov.br\/?page_id=343"},"modified":"2026-03-06T09:36:08","modified_gmt":"2026-03-06T13:36:08","slug":"resolucoes-conselho-fiscal","status":"publish","type":"page","link":"https:\/\/treslagoasprevidencia.ms.gov.br\/index.php\/institucional\/conselho-fiscal\/resolucoes-conselho-fiscal\/","title":{"rendered":"RESOLU\u00c7\u00d5ES"},"content":{"rendered":"\n<p><a href=\"https:\/\/treslagoasprevidencia.ms.gov.br\/wp-content\/uploads\/2026\/03\/RESOLUCAO-01-2020.pdf\" target=\"_blank\" rel=\"noreferrer noopener\">RESOLU\u00c7\u00c3O-01-2020<\/a><\/p>\n\n\n\n<p><a href=\"https:\/\/treslagoasprevidencia.ms.gov.br\/wp-content\/uploads\/2026\/03\/RESOLUCAO-02-2020.pdf\" target=\"_blank\" rel=\"noreferrer noopener\">RESOLU\u00c7\u00c3O-02-2020<\/a><\/p>\n\n\n\n<p><a href=\"https:\/\/treslagoasprevidencia.ms.gov.br\/wp-content\/uploads\/2026\/03\/RESOLUCAO-03-2020.pdf\" target=\"_blank\" rel=\"noreferrer noopener\">RESOLU\u00c7\u00c3O-03-2020<\/a><\/p>\n\n\n\n<p><a href=\"https:\/\/treslagoasprevidencia.ms.gov.br\/wp-content\/uploads\/2026\/03\/RESOLUCAO-04-2020.pdf\" target=\"_blank\" rel=\"noreferrer noopener\">RESOLU\u00c7\u00c3O-04-2020<\/a><\/p>\n\n\n\n<p><a href=\"https:\/\/treslagoasprevidencia.ms.gov.br\/wp-content\/uploads\/2026\/03\/RESLUCAO-01-2021.pdf\" target=\"_blank\" rel=\"noreferrer noopener\">RESOLU\u00c7\u00c3O-01-2021<\/a><\/p>\n\n\n\n<p><a href=\"https:\/\/treslagoasprevidencia.ms.gov.br\/wp-content\/uploads\/2026\/03\/RESLUCAO-01-2022.pdf\" target=\"_blank\" rel=\"noreferrer noopener\">RESOLU\u00c7\u00c3O-01-2022<\/a><\/p>\n\n\n\n<p><a href=\"https:\/\/treslagoasprevidencia.ms.gov.br\/wp-content\/uploads\/2026\/03\/RESOLUCAO-N\u00b0-001-2023-DISPOE-SOBRE-DELIBERACAO-DE-PRESIDENTE-E-SECRETARIO-DO-CONSELHO-FISCAL.pdf\" target=\"_blank\" rel=\"noreferrer noopener\">RESOLU\u00c7\u00c3O-01-2023<\/a><\/p>\n\n\n\n<p><a href=\"https:\/\/treslagoasprevidencia.ms.gov.br\/wp-content\/uploads\/2026\/03\/RESOLUCAO-N\u00b0-002-2023-CALENDARIO-DE-REUNIOES-DO-CONSELHO-FISCAL-DO-TL-PREV-PARA-O-ANO-DE-2023.pdf\" target=\"_blank\" rel=\"noreferrer noopener\">RESOLU\u00c7\u00c3O-02-2023<\/a><\/p>\n\n\n\n<p><a href=\"https:\/\/treslagoasprevidencia.ms.gov.br\/wp-content\/uploads\/2026\/03\/resolucao-no-0032023.pdf\" target=\"_blank\" rel=\"noreferrer noopener\">RESOLU\u00c7\u00c3O-03-2023<\/a><\/p>\n\n\n\n<p><a href=\"https:\/\/treslagoasprevidencia.ms.gov.br\/wp-content\/uploads\/2026\/03\/RESOLUCAO-001-2024-ESCOLHA-DE-PRESIDENTE-E-SECRETARIA-DO-CONSELHO-FISCAL-DO-TLPREV-PARA-O-ANO-DE-2024.pdf\" target=\"_blank\" rel=\"noreferrer noopener\">RESOLU\u00c7\u00c3O-01-2024<\/a><\/p>\n\n\n\n<p><a href=\"https:\/\/treslagoasprevidencia.ms.gov.br\/wp-content\/uploads\/2026\/03\/RESOLUCAO-002-2024-CALENDARIO-DE-REUNIOES-ORDINARIAS-DO-CONSELHO-FISCAL-DO-TLPREV-PARA-O-ANO-DE-2024.pdf\" target=\"_blank\" rel=\"noreferrer noopener\">RESOLU\u00c7\u00c3O-02-2024<\/a><\/p>\n\n\n\n<p><a href=\"https:\/\/treslagoasprevidencia.ms.gov.br\/wp-content\/uploads\/2026\/03\/RESOLUCAO-001-2025-DISPOE-SOBRE-O-CALENDARIO-DE-REUNIOES-ORDINARIAS-DO-CONSELHO-FISCAL-DO-TL-PREV-PARA-O-ANO-DE-2025-1.pdf\" target=\"_blank\" rel=\"noreferrer noopener\">RESOLU\u00c7\u00c3O-01-2025<\/a><\/p>\n\n\n\n<p><a href=\"http:\/\/RESOLU\u00c7\u00c3O-02-2025\" target=\"_blank\" rel=\"noreferrer noopener\">RESOLU\u00c7\u00c3O-02-2025<\/a><\/p>\n\n\n\n<p><a href=\"https:\/\/treslagoasprevidencia.ms.gov.br\/wp-content\/uploads\/2026\/03\/RESOLUCAO-C.F.-001-2026-NOMEAR-NO-CONSELHO-FISCAL-DO-TL-PREV-DANILO-COELHO-PRESIDENTE-E-RANGEL-PETTERSON-DA-SILVA-SECRETARIO.pdf\" target=\"_blank\" rel=\"noreferrer noopener\">RESOLU\u00c7\u00c3O-01-2026<\/a><\/p>\n","protected":false},"excerpt":{"rendered":"<p>RESOLU\u00c7\u00c3O-01-2020 RESOLU\u00c7\u00c3O-02-2020 RESOLU\u00c7\u00c3O-03-2020 RESOLU\u00c7\u00c3O-04-2020 RESOLU\u00c7\u00c3O-01-2021 RESOLU\u00c7\u00c3O-01-2022 RESOLU\u00c7\u00c3O-01-2023 RESOLU\u00c7\u00c3O-02-2023 RESOLU\u00c7\u00c3O-03-2023 RESOLU\u00c7\u00c3O-01-2024 RESOLU\u00c7\u00c3O-02-2024 RESOLU\u00c7\u00c3O-01-2025 RESOLU\u00c7\u00c3O-02-2025 RESOLU\u00c7\u00c3O-01-2026<\/p>\n","protected":false},"author":1,"featured_media":0,"parent":337,"menu_order":0,"comment_status":"closed","ping_status":"closed","template":"","meta":{"footnotes":""},"class_list":["post-343","page","type-page","status-publish","hentry"],"_links":{"self":[{"href":"https:\/\/treslagoasprevidencia.ms.gov.br\/index.php\/wp-json\/wp\/v2\/pages\/343","targetHints":{"allow":["GET"]}}],"collection":[{"href":"https:\/\/treslagoasprevidencia.ms.gov.br\/index.php\/wp-json\/wp\/v2\/pages"}],"about":[{"href":"https:\/\/treslagoasprevidencia.ms.gov.br\/index.php\/wp-json\/wp\/v2\/types\/page"}],"author":[{"embeddable":true,"href":"https:\/\/treslagoasprevidencia.ms.gov.br\/index.php\/wp-json\/wp\/v2\/users\/1"}],"replies":[{"embeddable":true,"href":"https:\/\/treslagoasprevidencia.ms.gov.br\/index.php\/wp-json\/wp\/v2\/comments?post=343"}],"version-history":[{"count":9,"href":"https:\/\/treslagoasprevidencia.ms.gov.br\/index.php\/wp-json\/wp\/v2\/pages\/343\/revisions"}],"predecessor-version":[{"id":953,"href":"https:\/\/treslagoasprevidencia.ms.gov.br\/index.php\/wp-json\/wp\/v2\/pages\/343\/revisions\/953"}],"up":[{"embeddable":true,"href":"https:\/\/treslagoasprevidencia.ms.gov.br\/index.php\/wp-json\/wp\/v2\/pages\/337"}],"wp:attachment":[{"href":"https:\/\/treslagoasprevidencia.ms.gov.br\/index.php\/wp-json\/wp\/v2\/media?parent=343"}],"curies":[{"name":"wp","href":"https:\/\/api.w.org\/{rel}","templated":true}]}}