{"id":335,"date":"2026-02-05T07:48:09","date_gmt":"2026-02-05T11:48:09","guid":{"rendered":"https:\/\/treslagoasprevidencia.ms.gov.br\/?page_id=335"},"modified":"2026-02-24T11:43:51","modified_gmt":"2026-02-24T15:43:51","slug":"resolucoes-conselho-de-administracao","status":"publish","type":"page","link":"https:\/\/treslagoasprevidencia.ms.gov.br\/index.php\/institucional\/conselho-de-administracao\/atas-de-reuniao-conselho-de-administracao\/resolucoes-conselho-de-administracao\/","title":{"rendered":"RESOLU\u00c7\u00d5ES"},"content":{"rendered":"\n<p><a href=\"http:\/\/RESOLUCAO-07-2022.\" target=\"_blank\" rel=\"noreferrer noopener\">RESOLU\u00c7\u00c3O-07-2022.<\/a><\/p>\n\n\n\n<p><a href=\"https:\/\/treslagoasprevidencia.ms.gov.br\/wp-content\/uploads\/2026\/02\/RESOLUCAO-No-001-2023.pdf\" target=\"_blank\" rel=\"noreferrer noopener\">RESOLU\u00c7\u00c3O-01-2023<\/a><\/p>\n\n\n\n<p><a href=\"https:\/\/treslagoasprevidencia.ms.gov.br\/wp-content\/uploads\/2026\/02\/RESOLUCAO-N.o-02-DE-23-DE-FEVEREIRO-DE-2023.pdf\" target=\"_blank\" rel=\"noreferrer noopener\">RESOLU\u00c7\u00c3O-02-2023<\/a><\/p>\n\n\n\n<p><a href=\"https:\/\/treslagoasprevidencia.ms.gov.br\/wp-content\/uploads\/2026\/02\/RESOLUCAO-No-03-2023.pdf\" target=\"_blank\" rel=\"noreferrer noopener\">RESOLU\u00c7\u00c3O-03-2023<\/a><\/p>\n\n\n\n<p><a href=\"https:\/\/treslagoasprevidencia.ms.gov.br\/wp-content\/uploads\/2026\/02\/RESOLUCAO-No-01-2024-PUBLICACAO-SITE.pdf\" target=\"_blank\" rel=\"noreferrer noopener\">RESOLU\u00c7\u00c3O-01-2024<\/a><\/p>\n\n\n\n<p><a href=\"https:\/\/treslagoasprevidencia.ms.gov.br\/wp-content\/uploads\/2026\/02\/RESLOLUCAO-No-02-2024-PUBLICACAO-SITE.pdf\" target=\"_blank\" rel=\"noreferrer noopener\">RESOLU\u00c7\u00c3O-02-2024<\/a><\/p>\n\n\n\n<p><a href=\"https:\/\/treslagoasprevidencia.ms.gov.br\/wp-content\/uploads\/2026\/02\/RESOLUCAO-No-03-2024-PUBLICACAO-SITE.pdf\" target=\"_blank\" rel=\"noreferrer noopener\">RESOLU\u00c7\u00c3O-03-2024<\/a><\/p>\n\n\n\n<p><a href=\"https:\/\/treslagoasprevidencia.ms.gov.br\/wp-content\/uploads\/2026\/02\/RESOLUCAO-No-04-2024-PUBLICACAO-SITE.pdf\" target=\"_blank\" rel=\"noreferrer noopener\">RESOLU\u00c7\u00c3O-04-2024<\/a><\/p>\n\n\n\n<p><a href=\"https:\/\/treslagoasprevidencia.ms.gov.br\/wp-content\/uploads\/2026\/02\/RESOLUCAO-No-05-2024-PUBLICACAO-SITE.pdf\" target=\"_blank\" rel=\"noreferrer noopener\">RESOLU\u00c7\u00c3O-05-2024<\/a><\/p>\n\n\n\n<p><a href=\"https:\/\/treslagoasprevidencia.ms.gov.br\/wp-content\/uploads\/2026\/02\/RESOLUCAO-01-2025-PUBLICACAO-SITE.pdf\" target=\"_blank\" rel=\"noreferrer noopener\">RESOLU\u00c7\u00c3O-01-2025<\/a><\/p>\n\n\n\n<p><a href=\"https:\/\/treslagoasprevidencia.ms.gov.br\/wp-content\/uploads\/2026\/02\/RESOLUCAO-02-2025-PUBLICACAO-SITE.pdf\" target=\"_blank\" rel=\"noreferrer noopener\">RESOLU\u00c7\u00c3O-02-2025<\/a><\/p>\n\n\n\n<p><a href=\"https:\/\/treslagoasprevidencia.ms.gov.br\/wp-content\/uploads\/2026\/02\/RESOLUCAO-03-2025-PUBLICACAO-SITE.pdf\" target=\"_blank\" rel=\"noreferrer noopener\">RESOLU\u00c7\u00c3O-03-2025<\/a><\/p>\n\n\n\n<p><a href=\"https:\/\/treslagoasprevidencia.ms.gov.br\/wp-content\/uploads\/2026\/02\/RESOLUCAO-04-2025-PUBLICACAO-SITE.pdf\" target=\"_blank\" rel=\"noreferrer noopener\">RESOLU\u00c7\u00c3O-04-2025<\/a><\/p>\n\n\n\n<p><a href=\"https:\/\/treslagoasprevidencia.ms.gov.br\/wp-content\/uploads\/2026\/02\/RESOLUCAO-05-2025-PUBLICACAO-SITE.pdf\" target=\"_blank\" rel=\"noreferrer noopener\">RESOLU\u00c7\u00c3O-05-2025<\/a><\/p>\n","protected":false},"excerpt":{"rendered":"<p>RESOLU\u00c7\u00c3O-07-2022. RESOLU\u00c7\u00c3O-01-2023 RESOLU\u00c7\u00c3O-02-2023 RESOLU\u00c7\u00c3O-03-2023 RESOLU\u00c7\u00c3O-01-2024 RESOLU\u00c7\u00c3O-02-2024 RESOLU\u00c7\u00c3O-03-2024 RESOLU\u00c7\u00c3O-04-2024 RESOLU\u00c7\u00c3O-05-2024 RESOLU\u00c7\u00c3O-01-2025 RESOLU\u00c7\u00c3O-02-2025 RESOLU\u00c7\u00c3O-03-2025 RESOLU\u00c7\u00c3O-04-2025 RESOLU\u00c7\u00c3O-05-2025<\/p>\n","protected":false},"author":1,"featured_media":0,"parent":333,"menu_order":0,"comment_status":"closed","ping_status":"closed","template":"","meta":{"footnotes":""},"class_list":["post-335","page","type-page","status-publish","hentry"],"_links":{"self":[{"href":"https:\/\/treslagoasprevidencia.ms.gov.br\/index.php\/wp-json\/wp\/v2\/pages\/335","targetHints":{"allow":["GET"]}}],"collection":[{"href":"https:\/\/treslagoasprevidencia.ms.gov.br\/index.php\/wp-json\/wp\/v2\/pages"}],"about":[{"href":"https:\/\/treslagoasprevidencia.ms.gov.br\/index.php\/wp-json\/wp\/v2\/types\/page"}],"author":[{"embeddable":true,"href":"https:\/\/treslagoasprevidencia.ms.gov.br\/index.php\/wp-json\/wp\/v2\/users\/1"}],"replies":[{"embeddable":true,"href":"https:\/\/treslagoasprevidencia.ms.gov.br\/index.php\/wp-json\/wp\/v2\/comments?post=335"}],"version-history":[{"count":13,"href":"https:\/\/treslagoasprevidencia.ms.gov.br\/index.php\/wp-json\/wp\/v2\/pages\/335\/revisions"}],"predecessor-version":[{"id":820,"href":"https:\/\/treslagoasprevidencia.ms.gov.br\/index.php\/wp-json\/wp\/v2\/pages\/335\/revisions\/820"}],"up":[{"embeddable":true,"href":"https:\/\/treslagoasprevidencia.ms.gov.br\/index.php\/wp-json\/wp\/v2\/pages\/333"}],"wp:attachment":[{"href":"https:\/\/treslagoasprevidencia.ms.gov.br\/index.php\/wp-json\/wp\/v2\/media?parent=335"}],"curies":[{"name":"wp","href":"https:\/\/api.w.org\/{rel}","templated":true}]}}