{"id":331,"date":"2026-02-05T07:45:28","date_gmt":"2026-02-05T11:45:28","guid":{"rendered":"https:\/\/treslagoasprevidencia.ms.gov.br\/?page_id=331"},"modified":"2026-02-23T10:47:54","modified_gmt":"2026-02-23T14:47:54","slug":"composicao-conselho-de-administracao","status":"publish","type":"page","link":"https:\/\/treslagoasprevidencia.ms.gov.br\/index.php\/institucional\/conselho-de-administracao\/composicao-conselho-de-administracao\/","title":{"rendered":"COMPOSI\u00c7\u00c3O"},"content":{"rendered":"\n<p><strong>ADRIANA PAULA DE VASCONCELOS MEDEIROS<\/strong> &#8211; REPRESENTANTE DOS SERVIDORES ATIVOS DO SINTED &#8211; (2024-2027)<\/p>\n\n\n\n<p><strong>ANGELA DE SOUZA BRASIL<\/strong> (SECRET\u00c1RIA) &#8211; REPRESENTANTE DO PODER EXECUTIVO MUNICIPAL &#8211; (2026-2029)<\/p>\n\n\n\n<p><strong>ARLETE PARO MEL\u00c3O MARTINHO<\/strong> &#8211; REPRESENTANTE DOS SERVIDORES INATIVOS DO SSPM &#8211; (2024-2027)<\/p>\n\n\n\n<p><strong>ARLINDA F\u00c1TIMA DE ANDRADE<\/strong> &#8211; REPRESENTANTE DOS SERVIDORES INATIVOS DO SINTED &#8211; (2024-2027)<\/p>\n\n\n\n<p><strong>CL\u00c9ZIO ANT\u00d4NIO LARA<\/strong> &#8211; REPRESENTANTE DOS SERVIDORES DA C\u00c2MARA MUNICIPAL &#8211; (2024-2027)<\/p>\n\n\n\n<p><strong>FABRICIO DE MOURA SANTOS<\/strong> &#8211; REPRESENTANTE DOS SERVIDORES ATIVOS DO SSSPM &#8211; (2024-2027)<\/p>\n\n\n\n<p><strong>JACKELINE ALVES GASPARETO DE SOUZA<\/strong> (PRESIDENTE) &#8211; REPRESENTANTE DO PODER EXECUTIVO MUNICIPAL &#8211; (2026-2029)<\/p>\n\n\n\n<p><\/p>\n","protected":false},"excerpt":{"rendered":"<p>ADRIANA PAULA DE VASCONCELOS MEDEIROS &#8211; REPRESENTANTE DOS SERVIDORES ATIVOS DO SINTED &#8211; (2024-2027) ANGELA DE SOUZA BRASIL (SECRET\u00c1RIA) &#8211; REPRESENTANTE DO PODER EXECUTIVO MUNICIPAL &#8211; (2026-2029) ARLETE PARO MEL\u00c3O MARTINHO &#8211; REPRESENTANTE DOS SERVIDORES INATIVOS DO SSPM &#8211; (2024-2027) ARLINDA F\u00c1TIMA DE ANDRADE &#8211; REPRESENTANTE DOS SERVIDORES INATIVOS DO SINTED &#8211; (2024-2027) CL\u00c9ZIO ANT\u00d4NIO [&hellip;]<\/p>\n","protected":false},"author":1,"featured_media":0,"parent":228,"menu_order":0,"comment_status":"closed","ping_status":"closed","template":"","meta":{"footnotes":""},"class_list":["post-331","page","type-page","status-publish","hentry"],"_links":{"self":[{"href":"https:\/\/treslagoasprevidencia.ms.gov.br\/index.php\/wp-json\/wp\/v2\/pages\/331","targetHints":{"allow":["GET"]}}],"collection":[{"href":"https:\/\/treslagoasprevidencia.ms.gov.br\/index.php\/wp-json\/wp\/v2\/pages"}],"about":[{"href":"https:\/\/treslagoasprevidencia.ms.gov.br\/index.php\/wp-json\/wp\/v2\/types\/page"}],"author":[{"embeddable":true,"href":"https:\/\/treslagoasprevidencia.ms.gov.br\/index.php\/wp-json\/wp\/v2\/users\/1"}],"replies":[{"embeddable":true,"href":"https:\/\/treslagoasprevidencia.ms.gov.br\/index.php\/wp-json\/wp\/v2\/comments?post=331"}],"version-history":[{"count":4,"href":"https:\/\/treslagoasprevidencia.ms.gov.br\/index.php\/wp-json\/wp\/v2\/pages\/331\/revisions"}],"predecessor-version":[{"id":801,"href":"https:\/\/treslagoasprevidencia.ms.gov.br\/index.php\/wp-json\/wp\/v2\/pages\/331\/revisions\/801"}],"up":[{"embeddable":true,"href":"https:\/\/treslagoasprevidencia.ms.gov.br\/index.php\/wp-json\/wp\/v2\/pages\/228"}],"wp:attachment":[{"href":"https:\/\/treslagoasprevidencia.ms.gov.br\/index.php\/wp-json\/wp\/v2\/media?parent=331"}],"curies":[{"name":"wp","href":"https:\/\/api.w.org\/{rel}","templated":true}]}}