{"id":239,"date":"2026-02-03T11:13:36","date_gmt":"2026-02-03T15:13:36","guid":{"rendered":"https:\/\/treslagoasprevidencia.ms.gov.br\/?page_id=239"},"modified":"2026-02-03T11:48:14","modified_gmt":"2026-02-03T15:48:14","slug":"institucional","status":"publish","type":"page","link":"https:\/\/treslagoasprevidencia.ms.gov.br\/index.php\/institucional\/","title":{"rendered":"INSTITUCIONAL"},"content":{"rendered":"\n<p class=\"has-text-align-left\">SOBRE O RPPS<\/p>\n\n\n\n<p class=\"has-text-align-left\">A cria\u00e7\u00e3o do Regime Pr\u00f3prio de Previd\u00eancia Social pela Lei Municipal n\u00ba. 2.808 de 18 de mar\u00e7o de 2014 \u00e9 resultado de uma luta hist\u00f3rica, uma conquista que veio de encontro ao anseio de todos.<br>A gest\u00e3o do regime, por sua vez, \u00e9 compet\u00eancia atribu\u00edda ao Instituto de Previd\u00eancia Social dos Servidores Munic\u00edpio de Tr\u00eas Lagoas\u2013 TR\u00caS LAGOAS PREVID\u00caNCIA entidade de natureza aut\u00e1rquica criada pela Lei Municipal 2.809 de 18 de mar\u00e7o de 2014, com o desiderato de resguardar, com imparcialidade e independ\u00eancia, a seguran\u00e7a e a tranquilidade dos segurados no presente e viabilizar a concre\u00e7\u00e3o de suas expectativas no futuro.<\/p>\n\n\n\n<p><\/p>\n","protected":false},"excerpt":{"rendered":"<p>SOBRE O RPPS A cria\u00e7\u00e3o do Regime Pr\u00f3prio de Previd\u00eancia Social pela Lei Municipal n\u00ba. 2.808 de 18 de mar\u00e7o de 2014 \u00e9 resultado de uma luta hist\u00f3rica, uma conquista que veio de encontro ao anseio de todos.A gest\u00e3o do regime, por sua vez, \u00e9 compet\u00eancia atribu\u00edda ao Instituto de Previd\u00eancia Social dos Servidores Munic\u00edpio [&hellip;]<\/p>\n","protected":false},"author":1,"featured_media":0,"parent":0,"menu_order":0,"comment_status":"closed","ping_status":"closed","template":"","meta":{"footnotes":""},"class_list":["post-239","page","type-page","status-publish","hentry"],"_links":{"self":[{"href":"https:\/\/treslagoasprevidencia.ms.gov.br\/index.php\/wp-json\/wp\/v2\/pages\/239","targetHints":{"allow":["GET"]}}],"collection":[{"href":"https:\/\/treslagoasprevidencia.ms.gov.br\/index.php\/wp-json\/wp\/v2\/pages"}],"about":[{"href":"https:\/\/treslagoasprevidencia.ms.gov.br\/index.php\/wp-json\/wp\/v2\/types\/page"}],"author":[{"embeddable":true,"href":"https:\/\/treslagoasprevidencia.ms.gov.br\/index.php\/wp-json\/wp\/v2\/users\/1"}],"replies":[{"embeddable":true,"href":"https:\/\/treslagoasprevidencia.ms.gov.br\/index.php\/wp-json\/wp\/v2\/comments?post=239"}],"version-history":[{"count":2,"href":"https:\/\/treslagoasprevidencia.ms.gov.br\/index.php\/wp-json\/wp\/v2\/pages\/239\/revisions"}],"predecessor-version":[{"id":308,"href":"https:\/\/treslagoasprevidencia.ms.gov.br\/index.php\/wp-json\/wp\/v2\/pages\/239\/revisions\/308"}],"wp:attachment":[{"href":"https:\/\/treslagoasprevidencia.ms.gov.br\/index.php\/wp-json\/wp\/v2\/media?parent=239"}],"curies":[{"name":"wp","href":"https:\/\/api.w.org\/{rel}","templated":true}]}}