{"id":205,"date":"2025-07-31T14:50:57","date_gmt":"2025-07-31T18:50:57","guid":{"rendered":"https:\/\/treslagoasprevidencia.ms.gov.br\/?page_id=205"},"modified":"2025-07-31T15:07:00","modified_gmt":"2025-07-31T19:07:00","slug":"aposentei-e-agora","status":"publish","type":"page","link":"https:\/\/treslagoasprevidencia.ms.gov.br\/index.php\/aposentei-e-agora\/","title":{"rendered":"APOSENTEI! E AGORA?"},"content":{"rendered":"\n<p><strong>PROVA DE VIDA<\/strong><\/p>\n\n\n\n<p>Ap\u00f3s a concess\u00e3o do benef\u00edcio, o aposentado e o pensionista devem realizar anualmente sua prova de vida, sob pena de suspens\u00e3o do pagamento dos benef\u00edcios.<\/p>\n\n\n\n<p>Para realiz\u00e1-la, o benefici\u00e1rio dever\u00e1 instalar em seu aparelho de celular o aplicativo <strong>GOV.br<\/strong> e habilitar uma conta, com usu\u00e1rio e senha pessoal, no n\u00edvel \u201cOuro\u201d.<\/p>\n\n\n\n<p>No m\u00eas que antecede seu anivers\u00e1rio, o segurado receber\u00e1 uma mensagem para realizar sua prova de vida, mediante reconhecimento biom\u00e9trico do usu\u00e1rio cadastrado na plataforma, e ter\u00e1 60 (sessenta) dias, a partir da notifica\u00e7\u00e3o, para executar o procedimento.<\/p>\n\n\n\n<p>As instru\u00e7\u00f5es para instala\u00e7\u00e3o do aplicativo e habilita\u00e7\u00e3o do n\u00edvel da conta podem ser obtidas no site <a href=\"https:\/\/www.gov.br\/governodigital\/pt-br\/identidade\/conta-gov-br\">https:\/\/www.gov.br\/governodigital\/pt-br\/identidade\/conta-gov-br<\/a><\/p>\n\n\n\n<p><strong>CASSEMS<\/strong><\/p>\n\n\n\n<p>O TR\u00caS LAGOAS PREVID\u00caNCIA mant\u00e9m conv\u00eanio com a CASSEMS para cobertura de planos de sa\u00fade oferecido pela operadora, sem qualquer rela\u00e7\u00e3o com o conv\u00eanio mantido pela Prefeitura Municipal.<\/p>\n\n\n\n<p>T\u00e3o logo o servidor se aposente, deve apresentar a portaria de concess\u00e3o do benef\u00edcio \u00e0 ag\u00eancia local da CASSEMS e solicitar a migra\u00e7\u00e3o do plano para o conv\u00eanio dos inativos, n\u00e3o sendo necess\u00e1rio o cumprimento de nova car\u00eancia ou pagamento de qualquer taxa adicional.<\/p>\n\n\n\n<p>O conv\u00eanio n\u00e3o prev\u00ea contrapartida por parte do TR\u00caS LAGOAS PREVID\u00caNCIA; assim, cabe ao aposentado arcar integralmente com o percentual de desconto, que varia entre 15% a 16,5% do valor bruto do benef\u00edcio, a depender do n\u00famero de dependentes, podendo ser de at\u00e9 R$ 1.850,00.<\/p>\n\n\n\n<p><strong>EMPR\u00c9STIMO CONSIGNADO<\/strong><\/p>\n\n\n\n<p>O TR\u00caS LAGOAS PREVID\u00caNCIA mant\u00e9m conv\u00eanio para desconto de parcelas empr\u00e9stimos consignados formalizados pelo segurado com as seguintes institui\u00e7\u00f5es financeiras: Banco do Brasil S\/A, Caixa Econ\u00f4mica Federal e Banco Bradesco S\/A.<\/p>\n\n\n\n<p>As taxas de juros e encargos da opera\u00e7\u00e3o s\u00e3o livremente contratados pelo segurado com a institui\u00e7\u00e3o financeira, assim como o prazo de pagamento, que pode ser de at\u00e9 120 parcelas.<\/p>\n\n\n\n<p>O aposentado ou pensionista pode comprometer at\u00e9 35% do valor bruto do benef\u00edcio com a consigna\u00e7\u00e3o de empr\u00e9stimos, desde que o valor da parcela, somado aos demais descontos do benef\u00edcio, n\u00e3o ultrapassem 60% do valor bruto.<\/p>\n\n\n\n<p><strong>IMPORTANTE! Os empr\u00e9stimos consignados em pagamento pelo servidor antes da aposentadoria n\u00e3o migram automaticamente para o TR\u00caS LAGOAS PREVID\u00caNCIA, devendo procurar a institui\u00e7\u00e3o financeira respons\u00e1vel para repactuar a forma de pagamento.<\/strong><\/p>\n\n\n\n<p><strong>CONTA BANC\u00c1RIA<\/strong><\/p>\n\n\n\n<p>O pagamento da aposentadoria \u00e9 realizado mediante conv\u00eanio mantido pelo TR\u00caS LAGOAS PREVID\u00caNCIA com o BANCO DO BRASIL S\/A, sem qualquer rela\u00e7\u00e3o com a conta banc\u00e1ria na qual era depositado o sal\u00e1rio enquanto estava na ativa.<\/p>\n\n\n\n<p>Assim, t\u00e3o logo seja concedido o benef\u00edcio, o benefici\u00e1rio ser\u00e1 notificado a ativar sua conta via aplicativo do BB, seguindo os seguintes passos que est\u00e3o descritos em tutorial disponibilizado no site do banco <a href=\"https:\/\/www.bb.com.br\/docs\/portal\/direc\/tutorial-passo-a-passo-para-ativacao-da-conta-corrente-no-App-BB.pdf\">https:\/\/www.bb.com.br\/docs\/portal\/direc\/tutorial-passo-a-passo-para-ativacao-da-conta-corrente-no-App-BB.pdf<\/a><\/p>\n\n\n\n<p>\u00c9 poss\u00edvel realizar a ativa\u00e7\u00e3o da conta tamb\u00e9m de forma presencial, comparecendo \u00e0 ag\u00eancia central do Banco do Brasil e apresentando documento pessoal com foto e atualizado.<\/p>\n\n\n\n<p>Enquanto a conta n\u00e3o \u00e9 ativada, n\u00e3o \u00e9 poss\u00edvel creditar o pagamento do benef\u00edcio.<\/p>\n","protected":false},"excerpt":{"rendered":"<p>PROVA DE VIDA Ap\u00f3s a concess\u00e3o do benef\u00edcio, o aposentado e o pensionista devem realizar anualmente sua prova de vida, sob pena de suspens\u00e3o do pagamento dos benef\u00edcios. Para realiz\u00e1-la, o benefici\u00e1rio dever\u00e1 instalar em seu aparelho de celular o aplicativo GOV.br e habilitar uma conta, com usu\u00e1rio e senha pessoal, no n\u00edvel \u201cOuro\u201d. No [&hellip;]<\/p>\n","protected":false},"author":1,"featured_media":0,"parent":0,"menu_order":0,"comment_status":"closed","ping_status":"closed","template":"","meta":{"footnotes":""},"class_list":["post-205","page","type-page","status-publish","hentry"],"_links":{"self":[{"href":"https:\/\/treslagoasprevidencia.ms.gov.br\/index.php\/wp-json\/wp\/v2\/pages\/205","targetHints":{"allow":["GET"]}}],"collection":[{"href":"https:\/\/treslagoasprevidencia.ms.gov.br\/index.php\/wp-json\/wp\/v2\/pages"}],"about":[{"href":"https:\/\/treslagoasprevidencia.ms.gov.br\/index.php\/wp-json\/wp\/v2\/types\/page"}],"author":[{"embeddable":true,"href":"https:\/\/treslagoasprevidencia.ms.gov.br\/index.php\/wp-json\/wp\/v2\/users\/1"}],"replies":[{"embeddable":true,"href":"https:\/\/treslagoasprevidencia.ms.gov.br\/index.php\/wp-json\/wp\/v2\/comments?post=205"}],"version-history":[{"count":3,"href":"https:\/\/treslagoasprevidencia.ms.gov.br\/index.php\/wp-json\/wp\/v2\/pages\/205\/revisions"}],"predecessor-version":[{"id":216,"href":"https:\/\/treslagoasprevidencia.ms.gov.br\/index.php\/wp-json\/wp\/v2\/pages\/205\/revisions\/216"}],"wp:attachment":[{"href":"https:\/\/treslagoasprevidencia.ms.gov.br\/index.php\/wp-json\/wp\/v2\/media?parent=205"}],"curies":[{"name":"wp","href":"https:\/\/api.w.org\/{rel}","templated":true}]}}